{"id":3240,"date":"2025-11-02T10:54:38","date_gmt":"2025-11-02T09:54:38","guid":{"rendered":"https:\/\/test-cetop.upf.pf\/?page_id=3240"},"modified":"2026-03-17T15:02:45","modified_gmt":"2026-03-17T14:02:45","slug":"evenements","status":"publish","type":"page","link":"https:\/\/test-cetop.upf.pf\/?page_id=3240","title":{"rendered":"\u00c9v\u00e9nements"},"content":{"rendered":"\t\t<div data-elementor-type=\"wp-page\" data-elementor-id=\"3240\" class=\"elementor elementor-3240\" data-elementor-post-type=\"page\">\n\t\t\t\t<div class=\"elementor-element elementor-element-580eee7 e-flex e-con-boxed e-con e-parent\" data-id=\"580eee7\" data-element_type=\"container\" data-e-type=\"container\" data-settings=\"{&quot;background_background&quot;:&quot;slideshow&quot;,&quot;background_slideshow_slide_duration&quot;:8000,&quot;background_slideshow_gallery&quot;:[{&quot;id&quot;:4654,&quot;url&quot;:&quot;https:\\\/\\\/test-cetop.upf.pf\\\/wp-content\\\/uploads\\\/2025\\\/11\\\/2.jpg&quot;},{&quot;id&quot;:4653,&quot;url&quot;:&quot;https:\\\/\\\/test-cetop.upf.pf\\\/wp-content\\\/uploads\\\/2025\\\/11\\\/1.jpg&quot;},{&quot;id&quot;:4655,&quot;url&quot;:&quot;https:\\\/\\\/test-cetop.upf.pf\\\/wp-content\\\/uploads\\\/2025\\\/11\\\/3.jpg&quot;},{&quot;id&quot;:4656,&quot;url&quot;:&quot;https:\\\/\\\/test-cetop.upf.pf\\\/wp-content\\\/uploads\\\/2025\\\/11\\\/4.jpg&quot;}],&quot;shape_divider_bottom&quot;:&quot;curve-asymmetrical&quot;,&quot;background_slideshow_loop&quot;:&quot;yes&quot;,&quot;background_slideshow_slide_transition&quot;:&quot;fade&quot;,&quot;background_slideshow_transition_duration&quot;:500}\">\n\t\t\t\t\t<div class=\"e-con-inner\">\n\t\t\t\t<div class=\"elementor-shape elementor-shape-bottom\" aria-hidden=\"true\" data-negative=\"false\">\n\t\t\t<svg xmlns=\"http:\/\/www.w3.org\/2000\/svg\" viewBox=\"0 0 1000 100\" preserveAspectRatio=\"none\">\n\t<path class=\"elementor-shape-fill\" d=\"M0,0c0,0,0,6,0,6.7c0,18,240.2,93.6,615.2,92.6C989.8,98.5,1000,25,1000,6.7c0-0.7,0-6.7,0-6.7H0z\"\/>\n<\/svg>\t\t<\/div>\n\t\t<div class=\"elementor-element elementor-element-f5b3160 e-con-full e-flex e-con e-child\" data-id=\"f5b3160\" data-element_type=\"container\" data-e-type=\"container\">\n\t\t\t\t<div class=\"elementor-element elementor-element-05fb795 elementor-widget elementor-widget-heading\" data-id=\"05fb795\" data-element_type=\"widget\" data-e-type=\"widget\" data-widget_type=\"heading.default\">\n\t\t\t\t\t<h2 class=\"elementor-heading-title elementor-size-default\">\u00c9v\u00e9nements du CETOP<\/h2>\t\t\t\t<\/div>\n\t\t\t\t<div class=\"elementor-element elementor-element-aa7340b elementor-widget elementor-widget-text-editor\" data-id=\"aa7340b\" data-element_type=\"widget\" data-e-type=\"widget\" data-widget_type=\"text-editor.default\">\n\t\t\t\t\t\t\t\t\t<p data-start=\"844\" data-end=\"1020\">Recherche, donn\u00e9es et analyses au service d\u2019un tourisme durable en Polyn\u00e9sie fran\u00e7aise.<\/p>\t\t\t\t\t\t\t\t<\/div>\n\t\t\t\t<\/div>\n\t\t\t\t\t<\/div>\n\t\t\t\t<\/div>\n\t\t<div class=\"elementor-element elementor-element-32b4935 e-con-full e-flex e-con e-parent\" data-id=\"32b4935\" data-element_type=\"container\" data-e-type=\"container\">\n\t\t\t\t<div class=\"elementor-element elementor-element-818ba3e elementor-posts--align-left elementor-grid-3 elementor-grid-tablet-2 elementor-grid-mobile-1 elementor-posts--thumbnail-top elementor-card-shadow-yes elementor-posts__hover-gradient elementor-invisible elementor-widget elementor-widget-posts\" data-id=\"818ba3e\" data-element_type=\"widget\" data-e-type=\"widget\" data-settings=\"{&quot;cards_row_gap&quot;:{&quot;unit&quot;:&quot;px&quot;,&quot;size&quot;:40,&quot;sizes&quot;:[]},&quot;pagination_type&quot;:&quot;numbers_and_prev_next&quot;,&quot;_animation&quot;:&quot;fadeInUp&quot;,&quot;cards_columns&quot;:&quot;3&quot;,&quot;cards_columns_tablet&quot;:&quot;2&quot;,&quot;cards_columns_mobile&quot;:&quot;1&quot;,&quot;cards_row_gap_widescreen&quot;:{&quot;unit&quot;:&quot;px&quot;,&quot;size&quot;:&quot;&quot;,&quot;sizes&quot;:[]},&quot;cards_row_gap_laptop&quot;:{&quot;unit&quot;:&quot;px&quot;,&quot;size&quot;:&quot;&quot;,&quot;sizes&quot;:[]},&quot;cards_row_gap_tablet_extra&quot;:{&quot;unit&quot;:&quot;px&quot;,&quot;size&quot;:&quot;&quot;,&quot;sizes&quot;:[]},&quot;cards_row_gap_tablet&quot;:{&quot;unit&quot;:&quot;px&quot;,&quot;size&quot;:&quot;&quot;,&quot;sizes&quot;:[]},&quot;cards_row_gap_mobile_extra&quot;:{&quot;unit&quot;:&quot;px&quot;,&quot;size&quot;:&quot;&quot;,&quot;sizes&quot;:[]},&quot;cards_row_gap_mobile&quot;:{&quot;unit&quot;:&quot;px&quot;,&quot;size&quot;:&quot;&quot;,&quot;sizes&quot;:[]}}\" data-widget_type=\"posts.cards\">\n\t\t\t\t<div class=\"elementor-widget-container\">\n\t\t\t\t\t\t\t<div class=\"elementor-posts-container elementor-posts elementor-posts--skin-cards elementor-grid\" role=\"list\">\n\t\t\t\t<article class=\"elementor-post elementor-grid-item post-5722 post type-post status-publish format-standard has-post-thumbnail hentry category-actualites category-actualites-publications-recentes category-evenements\" role=\"listitem\">\n\t\t\t<div class=\"elementor-post__card\">\n\t\t\t\t<a class=\"elementor-post__thumbnail__link\" href=\"https:\/\/test-cetop.upf.pf\/?p=5722\" tabindex=\"-1\" ><div class=\"elementor-post__thumbnail\"><img fetchpriority=\"high\" decoding=\"async\" width=\"489\" height=\"692\" src=\"https:\/\/test-cetop.upf.pf\/wp-content\/uploads\/2026\/01\/Image1.jpg\" class=\"attachment-full size-full wp-image-5736\" alt=\"\" \/><\/div><\/a>\n\t\t\t\t<div class=\"elementor-post__text\">\n\t\t\t\t<h3 class=\"elementor-post__title\">\n\t\t\t<a href=\"https:\/\/test-cetop.upf.pf\/?p=5722\" >\n\t\t\t\tColloque international \u00ab\u00a0Alimentation et Tourisme Culinaire en Oc\u00e9anie\u00a0\u00bb\t\t\t<\/a>\n\t\t<\/h3>\n\t\t\t\t<div class=\"elementor-post__excerpt\">\n\t\t\t<p>Ce colloque a pour objet d\u2019aborder l\u2019alimentation en Oc\u00e9anie en tant qu\u2019objet de recherche pluridisciplinaire soumis \u00e0 de multiples enjeux et probl\u00e9matiques :<\/p>\n\t\t<\/div>\n\t\t\t\t\t<div class=\"elementor-post__read-more-wrapper\">\n\t\t\n\t\t<a class=\"elementor-post__read-more\" href=\"https:\/\/test-cetop.upf.pf\/?p=5722\" aria-label=\"En savoir plus sur Colloque international \u00ab\u00a0Alimentation et Tourisme Culinaire en Oc\u00e9anie\u00a0\u00bb\" tabindex=\"-1\" >\n\t\t\tLire l\u2019article \u00bb\t\t<\/a>\n\n\t\t\t\t\t<\/div>\n\t\t\t\t<\/div>\n\t\t\t\t\t<\/div>\n\t\t<\/article>\n\t\t\t\t<article class=\"elementor-post elementor-grid-item post-4624 post type-post status-publish format-standard has-post-thumbnail hentry category-actualites category-actualites-publications-recentes category-evenements\" role=\"listitem\">\n\t\t\t<div class=\"elementor-post__card\">\n\t\t\t\t<a class=\"elementor-post__thumbnail__link\" href=\"https:\/\/test-cetop.upf.pf\/?p=4624\" tabindex=\"-1\" ><div class=\"elementor-post__thumbnail\"><img decoding=\"async\" width=\"1630\" height=\"874\" src=\"https:\/\/test-cetop.upf.pf\/wp-content\/uploads\/2025\/11\/Capture-de\u0301cran-2024-11-05-a\u0300-11.28.21.png\" class=\"attachment-full size-full wp-image-4625\" alt=\"\" \/><\/div><\/a>\n\t\t\t\t<div class=\"elementor-post__text\">\n\t\t\t\t<h3 class=\"elementor-post__title\">\n\t\t\t<a href=\"https:\/\/test-cetop.upf.pf\/?p=4624\" >\n\t\t\t\tLes enjeux des jeux\t\t\t<\/a>\n\t\t<\/h3>\n\t\t\t\t<div class=\"elementor-post__excerpt\">\n\t\t\t<p>Ces journe\u0301es d\u2019e\u0301tudes proposent de re\u0301fle\u0301chir aux multiples enjeux se de\u0301ployant autour des e\u0301preuves de surf des Jeux Olympiques de Paris 2024 qui se de\u0301rouleront en Polyne\u0301sie franc\u0327aise<\/p>\n\t\t<\/div>\n\t\t\t\t\t<div class=\"elementor-post__read-more-wrapper\">\n\t\t\n\t\t<a class=\"elementor-post__read-more\" href=\"https:\/\/test-cetop.upf.pf\/?p=4624\" aria-label=\"En savoir plus sur Les enjeux des jeux\" tabindex=\"-1\" >\n\t\t\tLire l\u2019article \u00bb\t\t<\/a>\n\n\t\t\t\t\t<\/div>\n\t\t\t\t<\/div>\n\t\t\t\t\t<\/div>\n\t\t<\/article>\n\t\t\t\t<article class=\"elementor-post elementor-grid-item post-4600 post type-post status-publish format-standard has-post-thumbnail hentry category-actualites category-actualites-publications-recentes category-evenements\" role=\"listitem\">\n\t\t\t<div class=\"elementor-post__card\">\n\t\t\t\t<a class=\"elementor-post__thumbnail__link\" href=\"https:\/\/test-cetop.upf.pf\/?p=4600\" tabindex=\"-1\" ><div class=\"elementor-post__thumbnail\"><img decoding=\"async\" width=\"1228\" height=\"684\" src=\"https:\/\/test-cetop.upf.pf\/wp-content\/uploads\/2025\/11\/logo-colloque-_0.png\" class=\"attachment-full size-full wp-image-4601\" alt=\"\" \/><\/div><\/a>\n\t\t\t\t<div class=\"elementor-post__text\">\n\t\t\t\t<h3 class=\"elementor-post__title\">\n\t\t\t<a href=\"https:\/\/test-cetop.upf.pf\/?p=4600\" >\n\t\t\t\tInternational conference \u00a0\u00bb Tourism and transitions\u00a0\u00bb &#8211; 2-4 november 2023\t\t\t<\/a>\n\t\t<\/h3>\n\t\t\t\t<div class=\"elementor-post__excerpt\">\n\t\t\t<p>The recent health crisis (COVID-19 pandemic) and geopolitical crisis (war in Ukraine) have accelerated the need for rapid and global transitions to meet the many environmental<\/p>\n\t\t<\/div>\n\t\t\t\t\t<div class=\"elementor-post__read-more-wrapper\">\n\t\t\n\t\t<a class=\"elementor-post__read-more\" href=\"https:\/\/test-cetop.upf.pf\/?p=4600\" aria-label=\"En savoir plus sur International conference \u00a0\u00bb Tourism and transitions\u00a0\u00bb &#8211; 2-4 november 2023\" tabindex=\"-1\" >\n\t\t\tLire l\u2019article \u00bb\t\t<\/a>\n\n\t\t\t\t\t<\/div>\n\t\t\t\t<\/div>\n\t\t\t\t\t<\/div>\n\t\t<\/article>\n\t\t\t\t<article class=\"elementor-post elementor-grid-item post-4556 post type-post status-publish format-standard has-post-thumbnail hentry category-actualites category-actualites-publications-recentes category-evenements\" role=\"listitem\">\n\t\t\t<div class=\"elementor-post__card\">\n\t\t\t\t<a class=\"elementor-post__thumbnail__link\" href=\"https:\/\/test-cetop.upf.pf\/?p=4556\" tabindex=\"-1\" ><div class=\"elementor-post__thumbnail\"><img loading=\"lazy\" decoding=\"async\" width=\"2000\" height=\"1500\" src=\"https:\/\/test-cetop.upf.pf\/wp-content\/uploads\/2025\/11\/UPF_CETOP_Workshop_2022_Mondher-Sylvain_0.jpg\" class=\"attachment-full size-full wp-image-4557\" alt=\"\" \/><\/div><\/a>\n\t\t\t\t<div class=\"elementor-post__text\">\n\t\t\t\t<h3 class=\"elementor-post__title\">\n\t\t\t<a href=\"https:\/\/test-cetop.upf.pf\/?p=4556\" >\n\t\t\t\tWorkshop \u201cRethinking tourism and development in French Polynesia after the pandemic\u201d\t\t\t<\/a>\n\t\t<\/h3>\n\t\t\t\t<div class=\"elementor-post__excerpt\">\n\t\t\t<p>Monday 24 &#038; Tuesday 25 October 2022 \u2013 This practice-based research workshop provided a forum for dialogue between international tourism scholars from Australia, Hawaii and New Zealand, and professionals from the tourism industry in French Polynesia.<\/p>\n\t\t<\/div>\n\t\t\t\t\t<div class=\"elementor-post__read-more-wrapper\">\n\t\t\n\t\t<a class=\"elementor-post__read-more\" href=\"https:\/\/test-cetop.upf.pf\/?p=4556\" aria-label=\"En savoir plus sur Workshop \u201cRethinking tourism and development in French Polynesia after the pandemic\u201d\" tabindex=\"-1\" >\n\t\t\tLire l\u2019article \u00bb\t\t<\/a>\n\n\t\t\t\t\t<\/div>\n\t\t\t\t<\/div>\n\t\t\t\t\t<\/div>\n\t\t<\/article>\n\t\t\t\t<article class=\"elementor-post elementor-grid-item post-2769 post type-post status-publish format-standard has-post-thumbnail hentry category-evenements\" role=\"listitem\">\n\t\t\t<div class=\"elementor-post__card\">\n\t\t\t\t<a class=\"elementor-post__thumbnail__link\" href=\"https:\/\/test-cetop.upf.pf\/?p=2769\" tabindex=\"-1\" ><div class=\"elementor-post__thumbnail\"><img loading=\"lazy\" decoding=\"async\" width=\"595\" height=\"842\" src=\"https:\/\/test-cetop.upf.pf\/wp-content\/uploads\/2025\/10\/Program-PECC-seminar-on-Sustainable-Tourism-FPTPEC-and-USPECC-2022-06-01.png\" class=\"attachment-full size-full wp-image-2770\" alt=\"\" \/><\/div><\/a>\n\t\t\t\t<div class=\"elementor-post__text\">\n\t\t\t\t<h3 class=\"elementor-post__title\">\n\t\t\t<a href=\"https:\/\/test-cetop.upf.pf\/?p=2769\" >\n\t\t\t\tPECC webinar on Sustainable Tourism\t\t\t<\/a>\n\t\t<\/h3>\n\t\t\t\t<div class=\"elementor-post__excerpt\">\n\t\t\t<p>With severe socio-economic impacts on countries relying heavily on international tourism, the toll of the Pandemic in the Asia-Pacific has been significant. Today\u2019s priority must be to relaunch the industry as soon as possible, with a focus on sustainable economic growth, as the latest version of the APEC tourism strategic plan shows.<\/p>\n\t\t<\/div>\n\t\t\t\t\t<div class=\"elementor-post__read-more-wrapper\">\n\t\t\n\t\t<a class=\"elementor-post__read-more\" href=\"https:\/\/test-cetop.upf.pf\/?p=2769\" aria-label=\"En savoir plus sur PECC webinar on Sustainable Tourism\" tabindex=\"-1\" >\n\t\t\tLire l\u2019article \u00bb\t\t<\/a>\n\n\t\t\t\t\t<\/div>\n\t\t\t\t<\/div>\n\t\t\t\t\t<\/div>\n\t\t<\/article>\n\t\t\t\t<article class=\"elementor-post elementor-grid-item post-2753 post type-post status-publish format-standard has-post-thumbnail hentry category-evenements\" role=\"listitem\">\n\t\t\t<div class=\"elementor-post__card\">\n\t\t\t\t<a class=\"elementor-post__thumbnail__link\" href=\"https:\/\/test-cetop.upf.pf\/?p=2753\" tabindex=\"-1\" ><div class=\"elementor-post__thumbnail\"><img loading=\"lazy\" decoding=\"async\" width=\"3508\" height=\"4961\" src=\"https:\/\/test-cetop.upf.pf\/wp-content\/uploads\/2025\/10\/Journees-scientifiques-AIMTD-Affiche_3.jpg\" class=\"attachment-full size-full wp-image-2754\" alt=\"\" \/><\/div><\/a>\n\t\t\t\t<div class=\"elementor-post__text\">\n\t\t\t\t<h3 class=\"elementor-post__title\">\n\t\t\t<a href=\"https:\/\/test-cetop.upf.pf\/?p=2753\" >\n\t\t\t\tConf\u00e9rence sur le tourisme durable le 2 &amp; 3 juin \u00e0 l&rsquo;UPF\t\t\t<\/a>\n\t\t<\/h3>\n\t\t\t\t<div class=\"elementor-post__excerpt\">\n\t\t\t<p>L\u2019UPF organise le jeudi 2 et le vendredi 3 juin 2022 une conf\u00e9rence sur le tourisme durable dans le cadre des 12\u00e8me journ\u00e9es scientifiques de l\u2019AIMTD (Association Internationale de Management du Tourisme Durable). La conf\u00e9rence portera notamment sur la digitalisation au service du management du tourisme durable. <\/p>\n\t\t<\/div>\n\t\t\t\t\t<div class=\"elementor-post__read-more-wrapper\">\n\t\t\n\t\t<a class=\"elementor-post__read-more\" href=\"https:\/\/test-cetop.upf.pf\/?p=2753\" aria-label=\"En savoir plus sur Conf\u00e9rence sur le tourisme durable le 2 &amp; 3 juin \u00e0 l&rsquo;UPF\" tabindex=\"-1\" >\n\t\t\tLire l\u2019article \u00bb\t\t<\/a>\n\n\t\t\t\t\t<\/div>\n\t\t\t\t<\/div>\n\t\t\t\t\t<\/div>\n\t\t<\/article>\n\t\t\t\t<article class=\"elementor-post elementor-grid-item post-2732 post type-post status-publish format-standard has-post-thumbnail hentry category-evenements\" role=\"listitem\">\n\t\t\t<div class=\"elementor-post__card\">\n\t\t\t\t<a class=\"elementor-post__thumbnail__link\" href=\"https:\/\/test-cetop.upf.pf\/?p=2732\" tabindex=\"-1\" ><div class=\"elementor-post__thumbnail\"><img loading=\"lazy\" decoding=\"async\" width=\"5333\" height=\"3333\" src=\"https:\/\/test-cetop.upf.pf\/wp-content\/uploads\/2025\/10\/2021-PECC-virtual-seminar-on-connectivity-and-tourism-UPF-CETOP-logo.jpg\" class=\"attachment-full size-full wp-image-2733\" alt=\"\" \/><\/div><\/a>\n\t\t\t\t<div class=\"elementor-post__text\">\n\t\t\t\t<h3 class=\"elementor-post__title\">\n\t\t\t<a href=\"https:\/\/test-cetop.upf.pf\/?p=2732\" >\n\t\t\t\tInternational Hybrid Seminar &#8211; Managing the Blue Economy &#8211; 30 &amp; 31 May 2022\t\t\t<\/a>\n\t\t<\/h3>\n\t\t\t\t<div class=\"elementor-post__excerpt\">\n\t\t\t<p>Numerous initiatives have recently been launched to explore new avenues of reflection on the subject of the blue economy.<br \/>\nThe objective is to define development models adapted to the constraints of today\u2019s world, in the continuity of the exchanges and commitments made during the \u00ab One Ocean Summit \u00bb last February,<\/p>\n\t\t<\/div>\n\t\t\t\t\t<div class=\"elementor-post__read-more-wrapper\">\n\t\t\n\t\t<a class=\"elementor-post__read-more\" href=\"https:\/\/test-cetop.upf.pf\/?p=2732\" aria-label=\"En savoir plus sur International Hybrid Seminar &#8211; Managing the Blue Economy &#8211; 30 &amp; 31 May 2022\" tabindex=\"-1\" >\n\t\t\tLire l\u2019article \u00bb\t\t<\/a>\n\n\t\t\t\t\t<\/div>\n\t\t\t\t<\/div>\n\t\t\t\t\t<\/div>\n\t\t<\/article>\n\t\t\t\t<article class=\"elementor-post elementor-grid-item post-2679 post type-post status-publish format-standard has-post-thumbnail hentry category-evenements\" role=\"listitem\">\n\t\t\t<div class=\"elementor-post__card\">\n\t\t\t\t<a class=\"elementor-post__thumbnail__link\" href=\"https:\/\/test-cetop.upf.pf\/?p=2679\" tabindex=\"-1\" ><div class=\"elementor-post__thumbnail\"><img loading=\"lazy\" decoding=\"async\" width=\"1920\" height=\"1080\" src=\"https:\/\/test-cetop.upf.pf\/wp-content\/uploads\/2025\/10\/mini-confe\u0301rence-cetop.png\" class=\"attachment-full size-full wp-image-2680\" alt=\"\" \/><\/div><\/a>\n\t\t\t\t<div class=\"elementor-post__text\">\n\t\t\t\t<h3 class=\"elementor-post__title\">\n\t\t\t<a href=\"https:\/\/test-cetop.upf.pf\/?p=2679\" >\n\t\t\t\tConf\u00e9rence sur le tourisme post-covid le 1er juin 2021 de 17h \u00e0 19h45 \u00e0 l&rsquo;UPF\t\t\t<\/a>\n\t\t<\/h3>\n\t\t\t\t<div class=\"elementor-post__excerpt\">\n\t\t\t<p>Le 1er juin 2021, le CETOP organise une conf\u00e9rence en pr\u00e9sentiel \u00e0 l\u2019UPF sur le tourisme post-covid. Celle-ci sera suivie d\u2019un webinaire accueillant des chercheurs internationaux du r\u00e9seau AIMTD et CETOP.<\/p>\n\t\t<\/div>\n\t\t\t\t\t<div class=\"elementor-post__read-more-wrapper\">\n\t\t\n\t\t<a class=\"elementor-post__read-more\" href=\"https:\/\/test-cetop.upf.pf\/?p=2679\" aria-label=\"En savoir plus sur Conf\u00e9rence sur le tourisme post-covid le 1er juin 2021 de 17h \u00e0 19h45 \u00e0 l&rsquo;UPF\" tabindex=\"-1\" >\n\t\t\tLire l\u2019article \u00bb\t\t<\/a>\n\n\t\t\t\t\t<\/div>\n\t\t\t\t<\/div>\n\t\t\t\t\t<\/div>\n\t\t<\/article>\n\t\t\t\t<article class=\"elementor-post elementor-grid-item post-2671 post type-post status-publish format-standard has-post-thumbnail hentry category-evenements\" role=\"listitem\">\n\t\t\t<div class=\"elementor-post__card\">\n\t\t\t\t<a class=\"elementor-post__thumbnail__link\" href=\"https:\/\/test-cetop.upf.pf\/?p=2671\" tabindex=\"-1\" ><div class=\"elementor-post__thumbnail\"><img loading=\"lazy\" decoding=\"async\" width=\"848\" height=\"1200\" src=\"https:\/\/test-cetop.upf.pf\/wp-content\/uploads\/2025\/10\/conference_de_la_recherche_2018.jpg\" class=\"attachment-full size-full wp-image-2672\" alt=\"\" \/><\/div><\/a>\n\t\t\t\t<div class=\"elementor-post__text\">\n\t\t\t\t<h3 class=\"elementor-post__title\">\n\t\t\t<a href=\"https:\/\/test-cetop.upf.pf\/?p=2671\" >\n\t\t\t\t1\u00e8re \u00e9dition des Conf\u00e9rences de la Recherche sur le th\u00e8me \u00ab\u00a0Risques : caract\u00e9risation, suivi et gestion\u00a0\u00bb\t\t\t<\/a>\n\t\t<\/h3>\n\t\t\t\t<div class=\"elementor-post__excerpt\">\n\t\t\t<p>Organis\u00e9es dans le cadre de la Politique de SITE et du Consortium RESIPOL, ces rencontres scientifiques annuelles sont l\u2019occasion pour les chercheurs et enseignants-chercheurs de mieux se connaitre, de pr\u00e9senter leurs travaux et d\u2019\u00e9changer avec les autres acteurs de Polyn\u00e9sie fran\u00e7aise : services du Pays, de l\u2019Etat, acteurs \u00e9conomiques et soci\u00e9t\u00e9 civile.<\/p>\n\t\t<\/div>\n\t\t\t\t\t<div class=\"elementor-post__read-more-wrapper\">\n\t\t\n\t\t<a class=\"elementor-post__read-more\" href=\"https:\/\/test-cetop.upf.pf\/?p=2671\" aria-label=\"En savoir plus sur 1\u00e8re \u00e9dition des Conf\u00e9rences de la Recherche sur le th\u00e8me \u00ab\u00a0Risques : caract\u00e9risation, suivi et gestion\u00a0\u00bb\" tabindex=\"-1\" >\n\t\t\tLire l\u2019article \u00bb\t\t<\/a>\n\n\t\t\t\t\t<\/div>\n\t\t\t\t<\/div>\n\t\t\t\t\t<\/div>\n\t\t<\/article>\n\t\t\t\t<\/div>\n\t\t\n\t\t\t\t<div class=\"e-load-more-anchor\" data-page=\"1\" data-max-page=\"2\" data-next-page=\"https:\/\/test-cetop.upf.pf\/index.php?rest_route=%2Fwp%2Fv2%2Fpages%2F3240&#038;paged=2\"><\/div>\n\t\t\t\t<nav class=\"elementor-pagination\" aria-label=\"Pagination\">\n\t\t\t<span class=\"page-numbers prev\">&laquo; Pr\u00e9c\u00e9dent<\/span>\n<span aria-current=\"page\" class=\"page-numbers current\"><span class=\"elementor-screen-only\">Page<\/span>1<\/span>\n<a class=\"page-numbers\" href=\"https:\/\/test-cetop.upf.pf\/index.php\/?paged=2\"><span class=\"elementor-screen-only\">Page<\/span>2<\/a>\n<a class=\"page-numbers next\" href=\"https:\/\/test-cetop.upf.pf\/index.php?rest_route=%2Fwp%2Fv2%2Fpages%2F3240&#038;paged=2\">Suivant &raquo;<\/a>\t\t<\/nav>\n\t\t\t\t\t\t<\/div>\n\t\t\t\t<\/div>\n\t\t\t\t<\/div>\n\t\t<div class=\"elementor-element elementor-element-5180900 e-flex e-con-boxed e-con e-parent\" data-id=\"5180900\" data-element_type=\"container\" data-e-type=\"container\">\n\t\t\t\t\t<div class=\"e-con-inner\">\n\t\t<div class=\"elementor-element elementor-element-7394d26 e-con-full e-flex elementor-invisible e-con e-child\" data-id=\"7394d26\" data-element_type=\"container\" data-e-type=\"container\" data-settings=\"{&quot;background_background&quot;:&quot;classic&quot;,&quot;animation&quot;:&quot;fadeIn&quot;}\">\n\t\t\t\t<div class=\"elementor-element elementor-element-292c21d elementor-invisible elementor-widget elementor-widget-image\" data-id=\"292c21d\" data-element_type=\"widget\" data-e-type=\"widget\" data-settings=\"{&quot;_animation&quot;:&quot;fadeInUp&quot;,&quot;_animation_delay&quot;:100}\" data-widget_type=\"image.default\">\n\t\t\t\t\t\t\t\t\t\t\t\t\t\t\t<img loading=\"lazy\" decoding=\"async\" width=\"629\" height=\"718\" src=\"https:\/\/test-cetop.upf.pf\/wp-content\/uploads\/2025\/12\/IMG-ACCUEIL-1.png\" class=\"attachment-full size-full wp-image-5304\" alt=\"\" \/>\t\t\t\t\t\t\t\t\t\t\t\t\t\t\t<\/div>\n\t\t<div class=\"elementor-element elementor-element-71cb9e8 e-flex e-con-boxed e-con e-child\" data-id=\"71cb9e8\" data-element_type=\"container\" data-e-type=\"container\">\n\t\t\t\t\t<div class=\"e-con-inner\">\n\t\t\t\t<div class=\"elementor-element elementor-element-1c676dd elementor-widget elementor-widget-heading\" data-id=\"1c676dd\" data-element_type=\"widget\" data-e-type=\"widget\" data-widget_type=\"heading.default\">\n\t\t\t\t\t<h2 class=\"elementor-heading-title elementor-size-default\">Une question, un projet, une collaboration ?<\/h2>\t\t\t\t<\/div>\n\t\t\t\t<div class=\"elementor-element elementor-element-46032b5 elementor-widget elementor-widget-text-editor\" data-id=\"46032b5\" data-element_type=\"widget\" data-e-type=\"widget\" data-widget_type=\"text-editor.default\">\n\t\t\t\t\t\t\t\t\t<p>Le CETOP reste \u00e0 votre \u00e9coute pour toute information, collaboration ou demande de donn\u00e9es.<\/p>\t\t\t\t\t\t\t\t<\/div>\n\t\t\t\t\t<\/div>\n\t\t\t\t<\/div>\n\t\t\t\t<div class=\"elementor-element elementor-element-86d15ec elementor-mobile-align-center e-transform elementor-widget elementor-widget-button\" data-id=\"86d15ec\" data-element_type=\"widget\" data-e-type=\"widget\" data-settings=\"{&quot;_transform_scale_effect_hover&quot;:{&quot;unit&quot;:&quot;px&quot;,&quot;size&quot;:1.1,&quot;sizes&quot;:[]},&quot;_transform_scale_effect_hover_widescreen&quot;:{&quot;unit&quot;:&quot;px&quot;,&quot;size&quot;:&quot;&quot;,&quot;sizes&quot;:[]},&quot;_transform_scale_effect_hover_laptop&quot;:{&quot;unit&quot;:&quot;px&quot;,&quot;size&quot;:&quot;&quot;,&quot;sizes&quot;:[]},&quot;_transform_scale_effect_hover_tablet_extra&quot;:{&quot;unit&quot;:&quot;px&quot;,&quot;size&quot;:&quot;&quot;,&quot;sizes&quot;:[]},&quot;_transform_scale_effect_hover_tablet&quot;:{&quot;unit&quot;:&quot;px&quot;,&quot;size&quot;:&quot;&quot;,&quot;sizes&quot;:[]},&quot;_transform_scale_effect_hover_mobile_extra&quot;:{&quot;unit&quot;:&quot;px&quot;,&quot;size&quot;:&quot;&quot;,&quot;sizes&quot;:[]},&quot;_transform_scale_effect_hover_mobile&quot;:{&quot;unit&quot;:&quot;px&quot;,&quot;size&quot;:&quot;&quot;,&quot;sizes&quot;:[]}}\" data-widget_type=\"button.default\">\n\t\t\t\t\t\t\t\t\t\t<a class=\"elementor-button elementor-button-link elementor-size-md\" href=\"https:\/\/test-cetop.upf.pf\/?page_id=1952\">\n\t\t\t\t\t\t<span class=\"elementor-button-content-wrapper\">\n\t\t\t\t\t\t<span class=\"elementor-button-icon\">\n\t\t\t\t<svg aria-hidden=\"true\" class=\"e-font-icon-svg e-fas-angle-right\" viewBox=\"0 0 256 512\" xmlns=\"http:\/\/www.w3.org\/2000\/svg\"><path d=\"M224.3 273l-136 136c-9.4 9.4-24.6 9.4-33.9 0l-22.6-22.6c-9.4-9.4-9.4-24.6 0-33.9l96.4-96.4-96.4-96.4c-9.4-9.4-9.4-24.6 0-33.9L54.3 103c9.4-9.4 24.6-9.4 33.9 0l136 136c9.5 9.4 9.5 24.6.1 34z\"><\/path><\/svg>\t\t\t<\/span>\n\t\t\t\t\t\t\t\t\t<span class=\"elementor-button-text\">NOUS CONTACTER<\/span>\n\t\t\t\t\t<\/span>\n\t\t\t\t\t<\/a>\n\t\t\t\t\t\t\t\t<\/div>\n\t\t\t\t<\/div>\n\t\t\t\t\t<\/div>\n\t\t\t\t<\/div>\n\t\t<div class=\"elementor-element elementor-element-32c5cd2 e-con-full e-flex e-con e-parent\" data-id=\"32c5cd2\" data-element_type=\"container\" data-e-type=\"container\" data-settings=\"{&quot;background_background&quot;:&quot;classic&quot;}\">\n\t\t\t\t<\/div>\n\t\t\t\t<\/div>\n\t\t","protected":false},"excerpt":{"rendered":"<p>\u00c9v\u00e9nements du CETOP Recherche, donn\u00e9es et analyses au service d\u2019un tourisme durable en Polyn\u00e9sie fran\u00e7aise. Une question, un projet, une collaboration ? Le CETOP reste \u00e0 votre \u00e9coute pour toute information, collaboration ou demande de donn\u00e9es. NOUS CONTACTER<\/p>\n","protected":false},"author":2,"featured_media":0,"parent":0,"menu_order":0,"comment_status":"closed","ping_status":"closed","template":"elementor_header_footer","meta":{"footnotes":""},"class_list":["post-3240","page","type-page","status-publish","hentry"],"blocksy_meta":[],"_links":{"self":[{"href":"https:\/\/test-cetop.upf.pf\/index.php?rest_route=\/wp\/v2\/pages\/3240","targetHints":{"allow":["GET"]}}],"collection":[{"href":"https:\/\/test-cetop.upf.pf\/index.php?rest_route=\/wp\/v2\/pages"}],"about":[{"href":"https:\/\/test-cetop.upf.pf\/index.php?rest_route=\/wp\/v2\/types\/page"}],"author":[{"embeddable":true,"href":"https:\/\/test-cetop.upf.pf\/index.php?rest_route=\/wp\/v2\/users\/2"}],"replies":[{"embeddable":true,"href":"https:\/\/test-cetop.upf.pf\/index.php?rest_route=%2Fwp%2Fv2%2Fcomments&post=3240"}],"version-history":[{"count":118,"href":"https:\/\/test-cetop.upf.pf\/index.php?rest_route=\/wp\/v2\/pages\/3240\/revisions"}],"predecessor-version":[{"id":6219,"href":"https:\/\/test-cetop.upf.pf\/index.php?rest_route=\/wp\/v2\/pages\/3240\/revisions\/6219"}],"wp:attachment":[{"href":"https:\/\/test-cetop.upf.pf\/index.php?rest_route=%2Fwp%2Fv2%2Fmedia&parent=3240"}],"curies":[{"name":"wp","href":"https:\/\/api.w.org\/{rel}","templated":true}]}}